{"id":753,"date":"2024-07-11T08:02:22","date_gmt":"2024-07-11T08:02:22","guid":{"rendered":"https:\/\/collecta.es\/?page_id=753"},"modified":"2024-07-11T08:04:14","modified_gmt":"2024-07-11T08:04:14","slug":"politica-de-seguridad","status":"publish","type":"page","link":"https:\/\/collecta.es\/?page_id=753","title":{"rendered":"Pol\u00edtica de seguridad"},"content":{"rendered":"\t\t<div data-elementor-type=\"wp-page\" data-elementor-id=\"753\" class=\"elementor elementor-753\" data-elementor-post-type=\"page\">\n\t\t\t\t<div class=\"elementor-element elementor-element-21bb82eb e-flex e-con-boxed e-con e-parent\" data-id=\"21bb82eb\" data-element_type=\"container\" data-settings=\"{&quot;container_type&quot;:&quot;flex&quot;,&quot;content_width&quot;:&quot;boxed&quot;}\" data-core-v316-plus=\"true\">\n\t\t\t\t\t<div class=\"e-con-inner\">\n\t\t\t\t<div class=\"elementor-element elementor-element-3e07f79 elementor-widget elementor-widget-heading\" data-id=\"3e07f79\" data-element_type=\"widget\" data-widget_type=\"heading.default\">\n\t\t\t\t<div class=\"elementor-widget-container\">\n\t\t\t<style>\/*! elementor - v3.19.0 - 07-02-2024 *\/\n.elementor-heading-title{padding:0;margin:0;line-height:1}.elementor-widget-heading .elementor-heading-title[class*=elementor-size-]>a{color:inherit;font-size:inherit;line-height:inherit}.elementor-widget-heading .elementor-heading-title.elementor-size-small{font-size:15px}.elementor-widget-heading .elementor-heading-title.elementor-size-medium{font-size:19px}.elementor-widget-heading .elementor-heading-title.elementor-size-large{font-size:29px}.elementor-widget-heading .elementor-heading-title.elementor-size-xl{font-size:39px}.elementor-widget-heading .elementor-heading-title.elementor-size-xxl{font-size:59px}<\/style><h2 class=\"elementor-heading-title elementor-size-default\">POL\u00cdTICA DE CALIDAD, MEDIO AMBIENTE Y SEGURIDAD DE LA INFORMACI\u00d3N\n<\/h2>\t\t<\/div>\n\t\t\t\t<\/div>\n\t\t\t\t<div class=\"elementor-element elementor-element-7e72db92 elementor-widget elementor-widget-text-editor\" data-id=\"7e72db92\" data-element_type=\"widget\" data-widget_type=\"text-editor.default\">\n\t\t\t\t<div class=\"elementor-widget-container\">\n\t\t\t<style>\/*! elementor - v3.19.0 - 07-02-2024 *\/\n.elementor-widget-text-editor.elementor-drop-cap-view-stacked .elementor-drop-cap{background-color:#69727d;color:#fff}.elementor-widget-text-editor.elementor-drop-cap-view-framed .elementor-drop-cap{color:#69727d;border:3px solid;background-color:transparent}.elementor-widget-text-editor:not(.elementor-drop-cap-view-default) .elementor-drop-cap{margin-top:8px}.elementor-widget-text-editor:not(.elementor-drop-cap-view-default) .elementor-drop-cap-letter{width:1em;height:1em}.elementor-widget-text-editor .elementor-drop-cap{float:left;text-align:center;line-height:1;font-size:50px}.elementor-widget-text-editor .elementor-drop-cap-letter{display:inline-block}<\/style>\t\t\t\t<p><!-- wp:heading --><\/p>\n<p class=\"p1\"><b>COLLECTA<\/b> tiene como objetivo la prestaci\u00f3n de servicios de gesti\u00f3n de cobros y\/o deudas en nombre de sus clientes.<\/p>\n<p class=\"p1\">La base para cumplir la misi\u00f3n de <b>COLLECTA<\/b> es ofrecer servicios orientados a las necesidades del cliente conservando el medio ambiente, garantizando la seguridad de la informaci\u00f3n que maneja, enfocando los procesos a la satisfacci\u00f3n de estos y con la visi\u00f3n principal de ser un referente nacional en su sector.<\/p>\n<p class=\"p1\"><b>Por todo ello nuestra Organizaci\u00f3n y nuestra pol\u00edtica se centra en:<\/b><\/p>\n<ul class=\"ul1\">\n<li class=\"li2\">Ofrecer servicios que cubran las necesidades de los clientes.<\/li>\n<li class=\"li2\">Cercan\u00eda a los clientes y compromiso con ellos, basando las relaciones personales en la confianza y el respeto.<\/li>\n<li class=\"li2\">Ofrecer servicios con calidad y excelencia, infraestructuras muy redundadas, siempre con el mayor respeto y protecci\u00f3n al medio ambiente.<\/li>\n<li class=\"li2\">Evaluar y medir los indicadores de los procesos, como herramienta de seguimiento y mejora del funcionamiento del Sistema de Gesti\u00f3n.<\/li>\n<li class=\"li2\">Revisar, actualizar, evaluar y cumplir con los requisitos solicitados de acuerdo a la legislaci\u00f3n aplicable y normativas relacionadas con la prestaci\u00f3n de los servicios, de car\u00e1cter ambiental y seguridad de la informaci\u00f3n que afecten a la organizaci\u00f3n, as\u00ed como otros requisitos que la organizaci\u00f3n suscriba.<\/li>\n<li class=\"li2\">Tener un compromiso de mejora continua y prevenci\u00f3n de la contaminaci\u00f3n impulsado desde el liderazgo y compromiso de la Direcci\u00f3n.<\/li>\n<li class=\"li2\">Impulsar que el personal tenga una actitud de integraci\u00f3n y colaboraci\u00f3n.<\/li>\n<li class=\"li2\">Detectar las incidencias que surjan de nuestros procesos, analizarlas y proponer las acciones correctivas mejor consensuadas, que permitan la consecuci\u00f3n de los objetivos de calidad y la minimizaci\u00f3n de los aspectos ambientales<\/li>\n<li class=\"li2\">Fomentar la reutilizaci\u00f3n, reciclado y adecuada gesti\u00f3n de los residuos generados y promoviendo la racionalizaci\u00f3n energ\u00e9tica a trav\u00e9s de los programas de eficiencia en el consumo.<\/li>\n<li class=\"li2\">Controlar los recursos humanos para contar con un personal formado y motivado.<\/li>\n<li class=\"li3\">Mejorar continuamente nuestro sistema de gesti\u00f3n y crecer como organizaci\u00f3n<\/li>\n<\/ul>\n<p class=\"p1\">\u00a0<\/p>\n<p class=\"p1\">Esta pol\u00edtica es la base para conseguir los objetivos y metas de la empresa, con estrategias que mejoren la eficiencia, la rentabilidad y los procesos en base a la importancia de la Calidad, el Respeto al Medio Ambiente en el correcto desarrollo de sus actividades y garantizando la protecci\u00f3n de la informaci\u00f3n manejada del cliente y los usuarios de estos.<\/p>\n<p><!-- \/wp:paragraph --><\/p>\t\t\t\t\t\t<\/div>\n\t\t\t\t<\/div>\n\t\t\t\t\t<\/div>\n\t\t\t\t<\/div>\n\t\t\t\t<\/div>\n\t\t","protected":false},"excerpt":{"rendered":"<p>POL\u00cdTICA DE CALIDAD, MEDIO AMBIENTE Y SEGURIDAD DE LA INFORMACI\u00d3N COLLECTA tiene como objetivo la prestaci\u00f3n de servicios de gesti\u00f3n de cobros y\/o deudas en nombre de sus clientes. La base para cumplir la misi\u00f3n de COLLECTA es ofrecer servicios orientados a las necesidades del cliente conservando el medio ambiente, garantizando la seguridad de la [&hellip;]<\/p>\n","protected":false},"author":1,"featured_media":0,"parent":0,"menu_order":0,"comment_status":"closed","ping_status":"closed","template":"","meta":{"footnotes":""},"class_list":["post-753","page","type-page","status-publish","hentry"],"_links":{"self":[{"href":"https:\/\/collecta.es\/index.php?rest_route=\/wp\/v2\/pages\/753","targetHints":{"allow":["GET"]}}],"collection":[{"href":"https:\/\/collecta.es\/index.php?rest_route=\/wp\/v2\/pages"}],"about":[{"href":"https:\/\/collecta.es\/index.php?rest_route=\/wp\/v2\/types\/page"}],"author":[{"embeddable":true,"href":"https:\/\/collecta.es\/index.php?rest_route=\/wp\/v2\/users\/1"}],"replies":[{"embeddable":true,"href":"https:\/\/collecta.es\/index.php?rest_route=%2Fwp%2Fv2%2Fcomments&post=753"}],"version-history":[{"count":4,"href":"https:\/\/collecta.es\/index.php?rest_route=\/wp\/v2\/pages\/753\/revisions"}],"predecessor-version":[{"id":757,"href":"https:\/\/collecta.es\/index.php?rest_route=\/wp\/v2\/pages\/753\/revisions\/757"}],"wp:attachment":[{"href":"https:\/\/collecta.es\/index.php?rest_route=%2Fwp%2Fv2%2Fmedia&parent=753"}],"curies":[{"name":"wp","href":"https:\/\/api.w.org\/{rel}","templated":true}]}}